{"id":597,"date":"2025-08-10T13:30:15","date_gmt":"2025-08-10T12:30:15","guid":{"rendered":"https:\/\/osf.no-ip.com\/wordpressosf\/?page_id=597"},"modified":"2025-08-23T17:24:15","modified_gmt":"2025-08-23T16:24:15","slug":"schackfyran","status":"publish","type":"page","link":"https:\/\/osf.no-ip.com\/wordpressosf\/index.php\/schackfyran\/","title":{"rendered":"Schackfyran"},"content":{"rendered":"\n<figure class=\"wp-block-image size-full\"><img loading=\"lazy\" decoding=\"async\" width=\"600\" height=\"354\" src=\"https:\/\/osf.no-ip.com\/wordpressosf\/wp-content\/uploads\/2025\/08\/image.png\" alt=\"\" class=\"wp-image-611\" srcset=\"https:\/\/osf.no-ip.com\/wordpressosf\/wp-content\/uploads\/2025\/08\/image.png 600w, https:\/\/osf.no-ip.com\/wordpressosf\/wp-content\/uploads\/2025\/08\/image-300x177.png 300w, https:\/\/osf.no-ip.com\/wordpressosf\/wp-content\/uploads\/2025\/08\/image-400x236.png 400w\" sizes=\"auto, (max-width: 600px) 100vw, 600px\" \/><\/figure>\n\n\n\n<p>Varje l\u00e4s\u00e5r genomf\u00f6r \u00d6SF schackfyran f\u00f6r l\u00e4nets fj\u00e4rdeklassare.<\/p>\n\n\n\n<p>Schackfyran \u00e4r v\u00e4rldens st\u00f6rsta schackt\u00e4vling!<\/p>\n\n\n\n<p>Under \u00e5ren har svenskt schack genom Schackfyran l\u00e4rt \u00f6ver en halv miljon elever att spela schack och vill nu l\u00e4ra fler \u00e4n n\u00e5gonsin att spela schack och vara med om den fantastiska upplevelsen som Schackfyran faktiskt \u00e4r.<\/p>\n\n\n\n<p>Schackfyran \u00e4r inte bara en t\u00e4vling i schack, det \u00e4r ocks\u00e5 en m\u00f6jlighet f\u00f6r klassen att v\u00e4xa som grupp. Det \u00e4r n\u00e4mligen s\u00e5 att i Schackfyran r\u00e4knas ALLA. Klassen spelar som ett lag och man f\u00e5r po\u00e4ng \u00e4ven om man inte vinner, det viktigaste \u00e4r att s\u00e5 m\u00e5nga som m\u00f6jligt deltar.<\/p>\n\n\n\n<p>\u00d6sterg\u00f6tlands schackf\u00f6rbund bedriver verksamhet d\u00e4r vi dels f\u00f6rser klasser med schackspel, ger digitala lektioner och f\u00f6rser l\u00e4rare med material f\u00f6r att de sj\u00e4lva ska kunna undervisa i schack. <\/p>\n\n\n\n<p>F\u00f6rsta m\u00e5let f\u00f6r klassen \u00e4r distriktsfinalen d\u00e4r l\u00e4nets alla klasser m\u00f6ts under en f\u00f6rmiddag och alla barn spelar fyra t\u00e4vlingspartier mot andra barn i l\u00e4net, med m\u00e5let att samla po\u00e4ng f\u00f6r klassen. De klasserna som lyckas b\u00e4st f\u00e5r m\u00f6jligheten att \u00e5ka till Uppsala eller Helsingborg f\u00f6r att spela riksfinalen!<\/p>\n\n\n\n<p>L\u00e4s mer om t\u00e4vlingen p\u00e5 <a href=\"https:\/\/schack.se\/schackfyran\/\">https:\/\/schack.se\/schackfyran\/<\/a><\/p>\n\n\n\n<p><\/p>\n","protected":false},"excerpt":{"rendered":"<p>Varje l\u00e4s\u00e5r genomf\u00f6r \u00d6SF schackfyran f\u00f6r l\u00e4nets fj\u00e4rdeklassare. Schackfyran \u00e4r v\u00e4rldens st\u00f6rsta schackt\u00e4vling! Under \u00e5ren har svenskt schack genom Schackfyran l\u00e4rt \u00f6ver en halv miljon elever att spela schack och vill nu l\u00e4ra fler \u00e4n n\u00e5gonsin att spela schack och vara med om den fantastiska upplevelsen som Schackfyran faktiskt \u00e4r. Schackfyran \u00e4r inte bara en t\u00e4vling i schack, det \u00e4r <a class=\"more-link\" href=\"https:\/\/osf.no-ip.com\/wordpressosf\/index.php\/schackfyran\/\" title=\"\"><\/a><\/p>\n","protected":false},"author":1,"featured_media":0,"parent":0,"menu_order":0,"comment_status":"closed","ping_status":"closed","template":"","meta":{"footnotes":""},"class_list":["post-597","page","type-page","status-publish","hentry"],"_links":{"self":[{"href":"https:\/\/osf.no-ip.com\/wordpressosf\/index.php\/wp-json\/wp\/v2\/pages\/597","targetHints":{"allow":["GET"]}}],"collection":[{"href":"https:\/\/osf.no-ip.com\/wordpressosf\/index.php\/wp-json\/wp\/v2\/pages"}],"about":[{"href":"https:\/\/osf.no-ip.com\/wordpressosf\/index.php\/wp-json\/wp\/v2\/types\/page"}],"author":[{"embeddable":true,"href":"https:\/\/osf.no-ip.com\/wordpressosf\/index.php\/wp-json\/wp\/v2\/users\/1"}],"replies":[{"embeddable":true,"href":"https:\/\/osf.no-ip.com\/wordpressosf\/index.php\/wp-json\/wp\/v2\/comments?post=597"}],"version-history":[{"count":4,"href":"https:\/\/osf.no-ip.com\/wordpressosf\/index.php\/wp-json\/wp\/v2\/pages\/597\/revisions"}],"predecessor-version":[{"id":613,"href":"https:\/\/osf.no-ip.com\/wordpressosf\/index.php\/wp-json\/wp\/v2\/pages\/597\/revisions\/613"}],"wp:attachment":[{"href":"https:\/\/osf.no-ip.com\/wordpressosf\/index.php\/wp-json\/wp\/v2\/media?parent=597"}],"curies":[{"name":"wp","href":"https:\/\/api.w.org\/{rel}","templated":true}]}}